{"id":773,"date":"2021-05-17T13:44:42","date_gmt":"2021-05-17T11:44:42","guid":{"rendered":"http:\/\/antec.stiftland-knopf.de\/?page_id=773"},"modified":"2026-02-03T09:22:04","modified_gmt":"2026-02-03T08:22:04","slug":"rahmenseilmethode","status":"publish","type":"page","link":"https:\/\/antec-europe.de\/en\/rahmenseilmethode\/","title":{"rendered":"Rahmenseilmethode"},"content":{"rendered":"<p>[et_pb_section fb_built=&#8220;1&#8243; fullwidth=&#8220;on&#8220; _builder_version=&#8220;4.9.4&#8243; _module_preset=&#8220;default&#8220; background_image=&#8220;https:\/\/antec-europe.de\/wp-content\/uploads\/2025\/02\/Netz-background.png&#8220; background_position=&#8220;bottom_left&#8220;][et_pb_fullwidth_header title=&#8220;NetFix\u00ae &#8211; Innovative L\u00f6sungen zur Vogelabwehr&#8220; subhead=&#8220;Wir stehen f\u00fcr Leistung am Kunden&#8220; _builder_version=&#8220;4.9.4&#8243; _module_preset=&#8220;default&#8220; title_font=&#8220;Doppio One||||||||&#8220; title_letter_spacing=&#8220;1px&#8220; title_line_height=&#8220;1.1em&#8220; background_enable_color=&#8220;off&#8220; use_background_color_gradient=&#8220;on&#8220; background_color_gradient_start=&#8220;#00457a&#8220; background_color_gradient_end=&#8220;rgba(0,69,122,0.09)&#8220; background_color_gradient_direction=&#8220;24deg&#8220; background_color_gradient_start_position=&#8220;32%&#8220; background_enable_image=&#8220;off&#8220; custom_padding=&#8220;180px||20px||false|false&#8220; custom_padding_tablet=&#8220;&#8220; custom_padding_phone=&#8220;50px||100px||false|false&#8220; custom_padding_last_edited=&#8220;on|phone&#8220;][\/et_pb_fullwidth_header][\/et_pb_section][et_pb_section fb_built=&#8220;1&#8243; _builder_version=&#8220;4.9.4&#8243; _module_preset=&#8220;default&#8220;][et_pb_row _builder_version=&#8220;4.9.4&#8243; _module_preset=&#8220;default&#8220;][et_pb_column type=&#8220;4_4&#8243; _builder_version=&#8220;4.9.4&#8243; _module_preset=&#8220;default&#8220;][et_pb_text content_tablet=&#8220;&#8220; content_phone=&#8220;<\/p>\n<p style=%22text-align: center;%22>Rahmenseilmethode<br \/>\nmit<br \/>\n<img style=%22vertical-align: -0.4em;%22 src=%22https:\/\/antec-europe.de\/wp-content\/uploads\/2024\/11\/Netfix-Logo-Vogel.png%22 width=%22100%22  alt=%22%22 class=%22wp-image-1383 alignnone size-full%22 \/>Klebemodulen<\/p>\n<p>&#8220; content_last_edited=&#8220;on|phone&#8220; _builder_version=&#8220;4.9.4&#8243; _module_preset=&#8220;default&#8220; text_font=&#8220;Doppio One||||||||&#8220; text_font_size=&#8220;56px&#8220; text_letter_spacing=&#8220;1px&#8220; text_line_height=&#8220;1.3em&#8220; custom_padding=&#8220;||0px||false|false&#8220; text_font_size_tablet=&#8220;&#8220; text_font_size_phone=&#8220;30px&#8220; text_font_size_last_edited=&#8220;on|phone&#8220;]<\/p>\n<p style=\"text-align: center;\">Rahmenseilmethode<br \/>mit<br \/><img loading=\"lazy\" decoding=\"async\" style=\"vertical-align: -0.4em;\" src=\"https:\/\/antec-europe.de\/wp-content\/uploads\/2024\/11\/Netfix-Logo-Vogel.png\" width=\"246\" height=\"100\" alt=\"\" class=\"wp-image-1383 alignnone size-full\" \/>Klebemodulen<\/p>\n<p>[\/et_pb_text][\/et_pb_column][\/et_pb_row][\/et_pb_section][et_pb_section fb_built=&#8220;1&#8243; next_background_color=&#8220;#ffffff&#8220; _builder_version=&#8220;4.9.4&#8243; _module_preset=&#8220;default&#8220; background_color=&#8220;#efefef&#8220; use_background_color_gradient=&#8220;on&#8220; background_color_gradient_start=&#8220;#efefef&#8220; background_color_gradient_end=&#8220;#ffffff&#8220; background_color_gradient_direction=&#8220;49deg&#8220; background_color_gradient_start_position=&#8220;69%&#8220; bottom_divider_style=&#8220;slant&#8220; bottom_divider_height=&#8220;25px&#8220; bottom_divider_repeat=&#8220;2x&#8220; bottom_divider_flip=&#8220;horizontal&#8220;][et_pb_row _builder_version=&#8220;4.9.4&#8243; _module_preset=&#8220;default&#8220; custom_padding=&#8220;6px|||||&#8220;][et_pb_column type=&#8220;4_4&#8243; _builder_version=&#8220;4.9.4&#8243; _module_preset=&#8220;default&#8220;][et_pb_text _builder_version=&#8220;4.9.4&#8243; _module_preset=&#8220;default&#8220; text_font_size=&#8220;20px&#8220; text_line_height=&#8220;1.5em&#8220; header_4_font=&#8220;Doppio One||||||||&#8220; header_4_font_size=&#8220;22px&#8220; text_text_color_tablet=&#8220;&#8220; text_text_color_phone=&#8220;&#8220; text_text_color_last_edited=&#8220;on|phone&#8220;]<\/p>\n<p><strong>Montage mit der Rahmenseilmethode<\/strong><\/p>\n<p>Auch, wenn unsere Netfix\u00ae-Klebemodule f\u00fcr die Montage per Einh\u00e4ngen direkt im Modul konzipiert wurden, sind sie mit der herk\u00f6mmlichen Rahmenseilmethode kompatibel.<\/p>\n<p>Statt als Halterung f\u00fcr das Netz, dient das Modul hier als Fixpunkt f\u00fcr die Seilf\u00fchrung. Das bedeutet, auch hier wird das Bohren am Objekt, mit all seinen Nachteilen vermieden.<\/p>\n<p>Nachdem die Module befestigt sind und das Rahmeseil eingef\u00fcgt ist, kann das Netz wie gewohnt montiert werden.<\/p>\n<p>[\/et_pb_text][\/et_pb_column][\/et_pb_row][\/et_pb_section][et_pb_section fb_built=&#8220;1&#8243; _builder_version=&#8220;4.9.4&#8243; _module_preset=&#8220;default&#8220; custom_margin=&#8220;||0px||false|false&#8220; custom_padding=&#8220;7px||||false|false&#8220;][et_pb_row _builder_version=&#8220;4.9.4&#8243; _module_preset=&#8220;default&#8220;][et_pb_column type=&#8220;4_4&#8243; _builder_version=&#8220;4.9.4&#8243; _module_preset=&#8220;default&#8220;][et_pb_gallery gallery_ids=&#8220;986&#8243; fullwidth=&#8220;on&#8220; _builder_version=&#8220;4.9.4&#8243; _module_preset=&#8220;default&#8220;][\/et_pb_gallery][\/et_pb_column][\/et_pb_row][\/et_pb_section]<\/p>\n","protected":false},"excerpt":{"rendered":"<p>[et_pb_section fb_built=&#8220;1&#8243; fullwidth=&#8220;on&#8220; _builder_version=&#8220;4.9.4&#8243; _module_preset=&#8220;default&#8220; background_image=&#8220;https:\/\/antec-europe.de\/wp-content\/uploads\/2025\/02\/Netz-background.png&#8220; background_position=&#8220;bottom_left&#8220;][et_pb_fullwidth_header title=&#8220;NetFix\u00ae &#8211; Innovative L\u00f6sungen zur Vogelabwehr&#8220; subhead=&#8220;Wir stehen f\u00fcr Leistung am Kunden&#8220; _builder_version=&#8220;4.9.4&#8243; _module_preset=&#8220;default&#8220; title_font=&#8220;Doppio One||||||||&#8220; title_letter_spacing=&#8220;1px&#8220; title_line_height=&#8220;1.1em&#8220; background_enable_color=&#8220;off&#8220; use_background_color_gradient=&#8220;on&#8220; background_color_gradient_start=&#8220;#00457a&#8220; background_color_gradient_end=&#8220;rgba(0,69,122,0.09)&#8220; background_color_gradient_direction=&#8220;24deg&#8220; background_color_gradient_start_position=&#8220;32%&#8220; background_enable_image=&#8220;off&#8220; custom_padding=&#8220;180px||20px||false|false&#8220; custom_padding_tablet=&#8220;&#8220; custom_padding_phone=&#8220;50px||100px||false|false&#8220; custom_padding_last_edited=&#8220;on|phone&#8220;][\/et_pb_fullwidth_header][\/et_pb_section][et_pb_section fb_built=&#8220;1&#8243; _builder_version=&#8220;4.9.4&#8243; _module_preset=&#8220;default&#8220;][et_pb_row _builder_version=&#8220;4.9.4&#8243; _module_preset=&#8220;default&#8220;][et_pb_column type=&#8220;4_4&#8243; _builder_version=&#8220;4.9.4&#8243; _module_preset=&#8220;default&#8220;][et_pb_text content_tablet=&#8220;&#8220; content_phone=&#8220; Rahmenseilmethode mit Klebemodulen &#8220; content_last_edited=&#8220;on|phone&#8220; _builder_version=&#8220;4.9.4&#8243; _module_preset=&#8220;default&#8220; text_font=&#8220;Doppio One||||||||&#8220; [&hellip;]<\/p>\n","protected":false},"author":1,"featured_media":0,"parent":0,"menu_order":0,"comment_status":"closed","ping_status":"closed","template":"","meta":{"_et_pb_use_builder":"on","_et_pb_old_content":"","_et_gb_content_width":"","footnotes":""},"class_list":["post-773","page","type-page","status-publish","hentry"],"_links":{"self":[{"href":"https:\/\/antec-europe.de\/en\/wp-json\/wp\/v2\/pages\/773","targetHints":{"allow":["GET"]}}],"collection":[{"href":"https:\/\/antec-europe.de\/en\/wp-json\/wp\/v2\/pages"}],"about":[{"href":"https:\/\/antec-europe.de\/en\/wp-json\/wp\/v2\/types\/page"}],"author":[{"embeddable":true,"href":"https:\/\/antec-europe.de\/en\/wp-json\/wp\/v2\/users\/1"}],"replies":[{"embeddable":true,"href":"https:\/\/antec-europe.de\/en\/wp-json\/wp\/v2\/comments?post=773"}],"version-history":[{"count":0,"href":"https:\/\/antec-europe.de\/en\/wp-json\/wp\/v2\/pages\/773\/revisions"}],"wp:attachment":[{"href":"https:\/\/antec-europe.de\/en\/wp-json\/wp\/v2\/media?parent=773"}],"curies":[{"name":"wp","href":"https:\/\/api.w.org\/{rel}","templated":true}]}}