{"id":70,"date":"2021-04-15T15:18:30","date_gmt":"2021-04-15T13:18:30","guid":{"rendered":"http:\/\/antec.stiftland-knopf.de\/?page_id=70"},"modified":"2026-02-03T09:24:09","modified_gmt":"2026-02-03T08:24:09","slug":"referenzen","status":"publish","type":"page","link":"https:\/\/antec-europe.de\/en\/referenzen\/","title":{"rendered":"References"},"content":{"rendered":"<p>[et_pb_section fb_built=&#8220;1&#8243; fullwidth=&#8220;on&#8220; _builder_version=&#8220;4.9.4&#8243; _module_preset=&#8220;default&#8220; background_image=&#8220;https:\/\/antec-europe.de\/wp-content\/uploads\/2025\/02\/Netz-background.png&#8220;][et_pb_fullwidth_header title=&#8220;NetFix\u00ae &#8211; Innovative L\u00f6sungen zur Vogelabwehr &#8220; subhead=&#8220;Wir stehen f\u00fcr Leistung am Kunden&#8220; _builder_version=&#8220;4.9.4&#8243; _module_preset=&#8220;default&#8220; title_font=&#8220;Doppio One||||||||&#8220; title_letter_spacing=&#8220;1px&#8220; title_line_height=&#8220;1.1em&#8220; subhead_font=&#8220;Doppio One||||||||&#8220; subhead_font_size=&#8220;21px&#8220; subhead_letter_spacing=&#8220;1px&#8220; background_enable_color=&#8220;off&#8220; use_background_color_gradient=&#8220;on&#8220; background_color_gradient_start=&#8220;#00457a&#8220; background_color_gradient_end=&#8220;rgba(0,69,122,0.09)&#8220; background_color_gradient_direction=&#8220;24deg&#8220; background_color_gradient_start_position=&#8220;32%&#8220; custom_padding=&#8220;180px||20px||false|false&#8220; custom_padding_tablet=&#8220;&#8220; custom_padding_phone=&#8220;50px||100px||false|false&#8220; custom_padding_last_edited=&#8220;on|phone&#8220;][\/et_pb_fullwidth_header][\/et_pb_section][et_pb_section fb_built=&#8220;1&#8243; _builder_version=&#8220;4.9.4&#8243; _module_preset=&#8220;default&#8220;][et_pb_row _builder_version=&#8220;4.9.4&#8243; _module_preset=&#8220;default&#8220; custom_margin=&#8220;||-45px||false|false&#8220;][et_pb_column type=&#8220;4_4&#8243; _builder_version=&#8220;4.9.4&#8243; _module_preset=&#8220;default&#8220;][et_pb_text _builder_version=&#8220;4.9.4&#8243; _module_preset=&#8220;default&#8220; text_font_size=&#8220;28px&#8220; text_line_height=&#8220;1.4em&#8220; text_font_size_tablet=&#8220;&#8220; text_font_size_phone=&#8220;20px&#8220; text_font_size_last_edited=&#8220;on|phone&#8220;]<\/p>\n<p style=\"text-align: center;\">\u00dcberzeugen Sie sich selbst von den vielseiteigen Einsatzm\u00f6glichkeiten unserer Systems<\/p>\n<p>[\/et_pb_text][\/et_pb_column][\/et_pb_row][\/et_pb_section][et_pb_section fb_built=&#8220;1&#8243; next_background_color=&#8220;#ffffff&#8220; _builder_version=&#8220;4.9.4&#8243; _module_preset=&#8220;default&#8220; background_color=&#8220;rgba(252,252,252,0.95)&#8220; bottom_divider_style=&#8220;slant&#8220; bottom_divider_height=&#8220;25px&#8220; bottom_divider_repeat=&#8220;2x&#8220; bottom_divider_flip=&#8220;horizontal&#8220;][et_pb_row column_structure=&#8220;1_3,1_3,1_3&#8243; _builder_version=&#8220;4.9.4&#8243; _module_preset=&#8220;default&#8220;][et_pb_column type=&#8220;1_3&#8243; _builder_version=&#8220;4.9.4&#8243; _module_preset=&#8220;default&#8220;][et_pb_gallery gallery_ids=&#8220;312,311,310,309&#8243; fullwidth=&#8220;on&#8220; _builder_version=&#8220;4.9.4&#8243; _module_preset=&#8220;default&#8220; caption_text_align=&#8220;center&#8220; text_orientation=&#8220;center&#8220;][\/et_pb_gallery][et_pb_text _builder_version=&#8220;4.9.4&#8243; _module_preset=&#8220;default&#8220; text_font=&#8220;|600|||||||&#8220; text_line_height=&#8220;1.6em&#8220; custom_margin=&#8220;||47px||false|false&#8220;]<\/p>\n<p style=\"text-align: center;\">Flexible Vernetzung von Br\u00fccken<\/p>\n<p>[\/et_pb_text][et_pb_text _builder_version=&#8220;4.9.4&#8243; _module_preset=&#8220;default&#8220; text_font=&#8220;Amiko||||||||&#8220; text_line_height=&#8220;1.5em&#8220; header_font=&#8220;||||||||&#8220; header_3_font=&#8220;||||||||&#8220; header_3_text_color=&#8220;#6B6B6B&#8220; header_3_font_size=&#8220;20px&#8220; text_font_size_tablet=&#8220;&#8220; text_font_size_phone=&#8220;20px&#8220; text_font_size_last_edited=&#8220;on|phone&#8220;]<\/p>\n<p style=\"text-align: center;\">Vernetzung einer Eisenbahnbr\u00fccke in Deutschland durch einen unserer Partner. Wie in den Bildern gut erkennbar ist, wurden sowohl die R\u00e4ume zwischen den Stahltr\u00e4gern, als auch zwischen den Betonbauteilen ideal gegen Vogelbefall vernetzt.<\/p>\n<p>[\/et_pb_text][\/et_pb_column][et_pb_column type=&#8220;1_3&#8243; _builder_version=&#8220;4.9.4&#8243; _module_preset=&#8220;default&#8220;][et_pb_gallery gallery_ids=&#8220;313,314,315&#8243; fullwidth=&#8220;on&#8220; _builder_version=&#8220;4.9.4&#8243; _module_preset=&#8220;default&#8220;][\/et_pb_gallery][et_pb_text _builder_version=&#8220;4.9.4&#8243; _module_preset=&#8220;default&#8220; text_font=&#8220;|600|||||||&#8220; text_line_height=&#8220;1.6em&#8220; custom_margin=&#8220;||15px||false|false&#8220;]<\/p>\n<p style=\"text-align: center;\">Effiziente Vogelabwehr an Solaranlagen<\/p>\n<p>[\/et_pb_text][et_pb_text _builder_version=&#8220;4.9.4&#8243; _module_preset=&#8220;default&#8220; text_font=&#8220;Amiko||||||||&#8220; text_line_height=&#8220;1.5em&#8220; header_font=&#8220;||||||||&#8220; header_3_font=&#8220;||||||||&#8220; header_3_text_color=&#8220;#6B6B6B&#8220; header_3_font_size=&#8220;20px&#8220; text_font_size_tablet=&#8220;&#8220; text_font_size_phone=&#8220;20px&#8220; text_font_size_last_edited=&#8220;on|phone&#8220;]<\/p>\n<p style=\"text-align: center;\">Schutz von Solarmodulen auf dem Dach einer Lagerhalle durch den Solarinstallateur. Hier wurde erfolgreich der erneute Nestbau von V\u00f6geln unter den Solaranlagen verhindert.<\/p>\n<p>[\/et_pb_text][et_pb_text _builder_version=&#8220;4.9.4&#8243; _module_preset=&#8220;default&#8220; text_font=&#8220;Amiko||||||||&#8220;][\/et_pb_text][\/et_pb_column][et_pb_column type=&#8220;1_3&#8243; _builder_version=&#8220;4.9.4&#8243; _module_preset=&#8220;default&#8220;][et_pb_gallery gallery_ids=&#8220;316,317&#8243; fullwidth=&#8220;on&#8220; _builder_version=&#8220;4.9.4&#8243; _module_preset=&#8220;default&#8220;][\/et_pb_gallery][et_pb_text _builder_version=&#8220;4.9.4&#8243; _module_preset=&#8220;default&#8220; text_font=&#8220;|600|||||||&#8220; text_line_height=&#8220;1.6em&#8220; custom_margin=&#8220;||15px||false|false&#8220;]<\/p>\n<p style=\"text-align: center;\">Schnelle Vernetzung von Innenh\u00f6fen und urbanen Fl\u00e4chen<\/p>\n<p>[\/et_pb_text][et_pb_text _builder_version=&#8220;4.9.4&#8243; _module_preset=&#8220;default&#8220; text_font=&#8220;Amiko||||||||&#8220; text_line_height=&#8220;1.5em&#8220; header_font=&#8220;||||||||&#8220; header_3_font=&#8220;||||||||&#8220; header_3_text_color=&#8220;#6B6B6B&#8220; header_3_font_size=&#8220;20px&#8220; text_font_size_tablet=&#8220;&#8220; text_font_size_phone=&#8220;20px&#8220; text_font_size_last_edited=&#8220;on|phone&#8220;]<\/p>\n<p style=\"text-align: center;\">Dieser Innenhof in Prag konnte komplett vor dem Eindringen durch Stadtv\u00f6gel gesch\u00fctzt werden, indem der Zugang durch die Montage von Vogelnetzen \u00fcber dem Innenhof versperrt wurde. Dies ersparte zudem Ma\u00dfnahmen an der Hausfassade.<\/p>\n<p>[\/et_pb_text][\/et_pb_column][\/et_pb_row][\/et_pb_section][et_pb_section fb_built=&#8220;1&#8243; _builder_version=&#8220;4.9.4&#8243; _module_preset=&#8220;default&#8220;][et_pb_row column_structure=&#8220;1_3,1_3,1_3&#8243; _builder_version=&#8220;4.9.4&#8243; _module_preset=&#8220;default&#8220;][et_pb_column type=&#8220;1_3&#8243; _builder_version=&#8220;4.9.4&#8243; _module_preset=&#8220;default&#8220;][et_pb_gallery gallery_ids=&#8220;326,328,330,332&#8243; fullwidth=&#8220;on&#8220; _builder_version=&#8220;4.9.4&#8243; _module_preset=&#8220;default&#8220; caption_text_align=&#8220;center&#8220; text_orientation=&#8220;center&#8220;][\/et_pb_gallery][et_pb_text _builder_version=&#8220;4.9.4&#8243; _module_preset=&#8220;default&#8220; text_font=&#8220;|600|||||||&#8220; text_line_height=&#8220;1.6em&#8220; custom_margin=&#8220;||15px||false|false&#8220;]<\/p>\n<p style=\"text-align: center;\">Substanzschonende Vogelabwehr bei Fu\u00dfballstadien und \u00f6ffentlichen Einrichtungen<\/p>\n<p>[\/et_pb_text][et_pb_text _builder_version=&#8220;4.9.4&#8243; _module_preset=&#8220;default&#8220; text_font=&#8220;Amiko||||||||&#8220; text_line_height=&#8220;1.4em&#8220; header_font=&#8220;||||||||&#8220; header_3_font=&#8220;||||||||&#8220; header_3_text_color=&#8220;#6B6B6B&#8220; header_3_font_size=&#8220;20px&#8220; text_font_size_tablet=&#8220;&#8220; text_font_size_phone=&#8220;20px&#8220; text_font_size_last_edited=&#8220;on|phone&#8220;]<\/p>\n<p style=\"text-align: center;\">Dieses Stadiondach wurde schnell und effektiv vor Vogelbefall gesch\u00fctzt. Gerade die Dachkonstruktionen mit einer Vielzahl an Tr\u00e4gern bot V\u00f6geln umfangreiche M\u00f6glichkeiten zur Besiedlung und zum Aufenthalt. Die Vernetzung gew\u00e4hrleistet, trotz des hohen Besiedlungsdrucks, einen vollumf\u00e4nglichen Schutz.<\/p>\n<p>[\/et_pb_text][\/et_pb_column][et_pb_column type=&#8220;1_3&#8243; _builder_version=&#8220;4.9.4&#8243; _module_preset=&#8220;default&#8220;][et_pb_gallery gallery_ids=&#8220;335,337&#8243; fullwidth=&#8220;on&#8220; _builder_version=&#8220;4.9.4&#8243; _module_preset=&#8220;default&#8220;][\/et_pb_gallery][et_pb_text _builder_version=&#8220;4.9.4&#8243; _module_preset=&#8220;default&#8220; text_font=&#8220;|600|||||||&#8220; text_line_height=&#8220;1.6em&#8220; custom_margin=&#8220;||45px||false|false&#8220;]<\/p>\n<p style=\"text-align: center;\">L\u00fcckenlose Vernetzung von Parkh\u00e4usern<\/p>\n<p>[\/et_pb_text][et_pb_text _builder_version=&#8220;4.9.4&#8243; _module_preset=&#8220;default&#8220; text_font=&#8220;Amiko||||||||&#8220; text_font_size=&#8220;20px&#8220; text_line_height=&#8220;1.5em&#8220; header_font=&#8220;||||||||&#8220; header_3_font=&#8220;||||||||&#8220; header_3_text_color=&#8220;#6B6B6B&#8220; header_3_font_size=&#8220;20px&#8220; text_line_height_tablet=&#8220;&#8220; text_line_height_phone=&#8220;&#8220; text_line_height_last_edited=&#8220;on|desktop&#8220;]<\/p>\n<p style=\"text-align: center;\">Parkh\u00e4user bieten f\u00fcr viele V\u00f6gel durch ihre offene Bauweise Unterschlupf zum Nestbau. Gerade auf Grund der hohen Wahrscheinlichkeit von Lacksch\u00e4den auf Autos durch Vogelexkremente bietet sich hier eine Vernetzung von Zug\u00e4ngen und Nistpl\u00e4tzen an.<\/p>\n<p>[\/et_pb_text][et_pb_text _builder_version=&#8220;4.9.4&#8243; _module_preset=&#8220;default&#8220; text_font=&#8220;Amiko||||||||&#8220;][\/et_pb_text][\/et_pb_column][et_pb_column type=&#8220;1_3&#8243; _builder_version=&#8220;4.9.4&#8243; _module_preset=&#8220;default&#8220;][et_pb_gallery gallery_ids=&#8220;340,341&#8243; fullwidth=&#8220;on&#8220; _builder_version=&#8220;4.9.4&#8243; _module_preset=&#8220;default&#8220; title_font_size_tablet=&#8220;&#8220; title_font_size_phone=&#8220;16px&#8220; title_font_size_last_edited=&#8220;on|phone&#8220;][\/et_pb_gallery][et_pb_text _builder_version=&#8220;4.9.4&#8243; _module_preset=&#8220;default&#8220; text_font=&#8220;|600|||||||&#8220; text_line_height=&#8220;1.6em&#8220; custom_margin=&#8220;||15px||false|false&#8220;]<\/p>\n<p style=\"text-align: center;\">Kosteng\u00fcnstige Vogelabwehr von Verladefl\u00e4chen und Rampen f\u00fcr Logistik<\/p>\n<p>[\/et_pb_text][et_pb_text _builder_version=&#8220;4.9.4&#8243; _module_preset=&#8220;default&#8220; text_font=&#8220;||||||||&#8220; text_line_height=&#8220;1.6em&#8220; header_font=&#8220;||||||||&#8220; header_3_font=&#8220;||||||||&#8220; header_3_text_color=&#8220;#6B6B6B&#8220; header_3_font_size=&#8220;20px&#8220; text_font_size_tablet=&#8220;&#8220; text_font_size_phone=&#8220;20px&#8220; text_font_size_last_edited=&#8220;on|phone&#8220; text_line_height_tablet=&#8220;&#8220; text_line_height_phone=&#8220;1.4em&#8220; text_line_height_last_edited=&#8220;on|phone&#8220;]<\/p>\n<p style=\"text-align: center;\">Dieser Verladebereich eines Lagers wurde nicht nur zum Schutz der Produkte, sondern auch aus Gr\u00fcnden der Arbeitssicherheit vernetzt. Unter den Tr\u00e4gern der \u00dcberdachung hatten sich vermehrt V\u00f6gel eingenistet und f\u00fcr Sch\u00e4den an Objekt und Waren gesorgt.<\/p>\n<p>[\/et_pb_text][et_pb_text _builder_version=&#8220;4.9.4&#8243; _module_preset=&#8220;default&#8220; text_font=&#8220;Amiko||||||||&#8220;][\/et_pb_text][\/et_pb_column][\/et_pb_row][\/et_pb_section]<\/p>\n","protected":false},"excerpt":{"rendered":"<p>[et_pb_section fb_built=&#8220;1&#8243; fullwidth=&#8220;on&#8220; _builder_version=&#8220;4.9.4&#8243; _module_preset=&#8220;default&#8220; background_image=&#8220;https:\/\/antec-europe.de\/wp-content\/uploads\/2025\/02\/Netz-background.png&#8220;][et_pb_fullwidth_header title=&#8220;NetFix\u00ae &#8211; Innovative L\u00f6sungen zur Vogelabwehr &#8220; subhead=&#8220;Wir stehen f\u00fcr Leistung am Kunden&#8220; _builder_version=&#8220;4.9.4&#8243; _module_preset=&#8220;default&#8220; title_font=&#8220;Doppio One||||||||&#8220; title_letter_spacing=&#8220;1px&#8220; title_line_height=&#8220;1.1em&#8220; subhead_font=&#8220;Doppio One||||||||&#8220; subhead_font_size=&#8220;21px&#8220; subhead_letter_spacing=&#8220;1px&#8220; background_enable_color=&#8220;off&#8220; use_background_color_gradient=&#8220;on&#8220; background_color_gradient_start=&#8220;#00457a&#8220; background_color_gradient_end=&#8220;rgba(0,69,122,0.09)&#8220; background_color_gradient_direction=&#8220;24deg&#8220; background_color_gradient_start_position=&#8220;32%&#8220; custom_padding=&#8220;180px||20px||false|false&#8220; custom_padding_tablet=&#8220;&#8220; custom_padding_phone=&#8220;50px||100px||false|false&#8220; custom_padding_last_edited=&#8220;on|phone&#8220;][\/et_pb_fullwidth_header][\/et_pb_section][et_pb_section fb_built=&#8220;1&#8243; _builder_version=&#8220;4.9.4&#8243; _module_preset=&#8220;default&#8220;][et_pb_row _builder_version=&#8220;4.9.4&#8243; _module_preset=&#8220;default&#8220; custom_margin=&#8220;||-45px||false|false&#8220;][et_pb_column type=&#8220;4_4&#8243; _builder_version=&#8220;4.9.4&#8243; _module_preset=&#8220;default&#8220;][et_pb_text _builder_version=&#8220;4.9.4&#8243; _module_preset=&#8220;default&#8220; text_font_size=&#8220;28px&#8220; text_line_height=&#8220;1.4em&#8220; text_font_size_tablet=&#8220;&#8220; text_font_size_phone=&#8220;20px&#8220; text_font_size_last_edited=&#8220;on|phone&#8220;] [&hellip;]<\/p>\n","protected":false},"author":1,"featured_media":0,"parent":0,"menu_order":0,"comment_status":"closed","ping_status":"closed","template":"","meta":{"_et_pb_use_builder":"on","_et_pb_old_content":"","_et_gb_content_width":"","footnotes":""},"class_list":["post-70","page","type-page","status-publish","hentry"],"_links":{"self":[{"href":"https:\/\/antec-europe.de\/en\/wp-json\/wp\/v2\/pages\/70","targetHints":{"allow":["GET"]}}],"collection":[{"href":"https:\/\/antec-europe.de\/en\/wp-json\/wp\/v2\/pages"}],"about":[{"href":"https:\/\/antec-europe.de\/en\/wp-json\/wp\/v2\/types\/page"}],"author":[{"embeddable":true,"href":"https:\/\/antec-europe.de\/en\/wp-json\/wp\/v2\/users\/1"}],"replies":[{"embeddable":true,"href":"https:\/\/antec-europe.de\/en\/wp-json\/wp\/v2\/comments?post=70"}],"version-history":[{"count":0,"href":"https:\/\/antec-europe.de\/en\/wp-json\/wp\/v2\/pages\/70\/revisions"}],"wp:attachment":[{"href":"https:\/\/antec-europe.de\/en\/wp-json\/wp\/v2\/media?parent=70"}],"curies":[{"name":"wp","href":"https:\/\/api.w.org\/{rel}","templated":true}]}}