{"id":49,"date":"2021-04-14T16:41:52","date_gmt":"2021-04-14T14:41:52","guid":{"rendered":"http:\/\/antec.stiftland-knopf.de\/?page_id=49"},"modified":"2026-02-03T09:26:13","modified_gmt":"2026-02-03T08:26:13","slug":"ueber-uns","status":"publish","type":"page","link":"https:\/\/antec-europe.de\/en\/ueber-uns\/","title":{"rendered":"About us"},"content":{"rendered":"<p>[et_pb_section fb_built=&#8220;1&#8243; fullwidth=&#8220;on&#8220; _builder_version=&#8220;4.9.4&#8243; _module_preset=&#8220;default&#8220; background_image=&#8220;https:\/\/antec-europe.de\/wp-content\/uploads\/2025\/02\/Netz-background.png&#8220; max_width=&#8220;100%&#8220;][et_pb_fullwidth_header title=&#8220;NetFix\u00ae &#8211; Innovative L\u00f6sungen zur Vogelabwehr&#8220; subhead=&#8220;Wir stehen f\u00fcr Leistung am Kunden&#8220; _builder_version=&#8220;4.9.4&#8243; _module_preset=&#8220;default&#8220; title_font=&#8220;Doppio One||||||||&#8220; title_letter_spacing=&#8220;1px&#8220; title_line_height=&#8220;1.1em&#8220; subhead_font=&#8220;Doppio One||||||||&#8220; subhead_font_size=&#8220;21px&#8220; subhead_letter_spacing=&#8220;1px&#8220; background_enable_color=&#8220;off&#8220; use_background_color_gradient=&#8220;on&#8220; background_color_gradient_start=&#8220;#00457a&#8220; background_color_gradient_end=&#8220;rgba(0,69,122,0.09)&#8220; background_color_gradient_direction=&#8220;24deg&#8220; background_color_gradient_start_position=&#8220;32%&#8220; custom_padding=&#8220;180px||20px||false|false&#8220; custom_padding_tablet=&#8220;&#8220; custom_padding_phone=&#8220;50px||100px||false|false&#8220; custom_padding_last_edited=&#8220;on|phone&#8220;][\/et_pb_fullwidth_header][\/et_pb_section][et_pb_section fb_built=&#8220;1&#8243; _builder_version=&#8220;4.9.4&#8243; _module_preset=&#8220;default&#8220;][et_pb_row _builder_version=&#8220;4.9.4&#8243; _module_preset=&#8220;default&#8220; custom_margin=&#8220;||-70px||false|false&#8220;][et_pb_column type=&#8220;4_4&#8243; _builder_version=&#8220;4.9.4&#8243; _module_preset=&#8220;default&#8220;][et_pb_image src=&#8220;https:\/\/antec-europe.de\/wp-content\/uploads\/2021\/04\/cropped-ICON-TEST.jpg&#8220; title_text=&#8220;cropped-ICON-TEST.jpg&#8220; align=&#8220;center&#8220; _builder_version=&#8220;4.9.4&#8243; _module_preset=&#8220;default&#8220; width=&#8220;10%&#8220; width_tablet=&#8220;&#8220; width_phone=&#8220;100%&#8220; width_last_edited=&#8220;on|phone&#8220; max_width=&#8220;10%&#8220; max_width_tablet=&#8220;&#8220; max_width_phone=&#8220;&#8220; max_width_last_edited=&#8220;on|phone&#8220;][\/et_pb_image][\/et_pb_column][\/et_pb_row][\/et_pb_section][et_pb_section fb_built=&#8220;1&#8243; _builder_version=&#8220;4.9.4&#8243; _module_preset=&#8220;default&#8220; background_color=&#8220;#FFFFFF&#8220; background_image=&#8220;https:\/\/antec-europe.de\/wp-content\/uploads\/2025\/02\/Netz-background.png&#8220; parallax=&#8220;on&#8220; custom_margin=&#8220;||-2px|||&#8220; custom_padding=&#8220;39px||39px||false|false&#8220; top_divider_height=&#8220;25px&#8220; top_divider_repeat=&#8220;2x&#8220; top_divider_flip=&#8220;horizontal&#8220;][et_pb_row column_structure=&#8220;1_5,3_5,1_5&#8243; _builder_version=&#8220;4.9.4&#8243; _module_preset=&#8220;default&#8220; positioning=&#8220;none&#8220; vertical_offset=&#8220;0px&#8220; horizontal_offset=&#8220;0px&#8220; module_alignment=&#8220;center&#8220; custom_margin=&#8220;|460px|70px|auto|false|false&#8220; custom_padding=&#8220;30px|||||&#8220;][et_pb_column type=&#8220;1_5&#8243; _builder_version=&#8220;4.9.4&#8243; _module_preset=&#8220;default&#8220;][\/et_pb_column][et_pb_column type=&#8220;3_5&#8243; _builder_version=&#8220;4.9.4&#8243; _module_preset=&#8220;default&#8220; background_enable_image=&#8220;off&#8220; custom_padding=&#8220;5px|10px||10px|false|false&#8220; filter_opacity=&#8220;63%&#8220;][et_pb_text _builder_version=&#8220;4.9.4&#8243; _module_preset=&#8220;default&#8220; text_font=&#8220;Amiko||||||||&#8220; text_text_color=&#8220;#000000&#8243; text_line_height=&#8220;1.5em&#8220; width=&#8220;99%&#8220; custom_margin=&#8220;0px||||false|false&#8220; custom_padding=&#8220;|0px|0px|||&#8220; text_font_size_tablet=&#8220;&#8220; text_font_size_phone=&#8220;18px&#8220; text_font_size_last_edited=&#8220;on|phone&#8220;]<\/p>\n<p style=\"text-align: left;\">Das Unternehmen Antec Europe GmbH wurde im Jahr 2010 als Schwesterfirma der Antec Japan &#8211; ein seit Jahrzehnten im Bereich der Vogelabwehr international t\u00e4tiges Unternehmen &#8211; gegr\u00fcndet.<\/p>\n<p style=\"text-align: justify;\">Heute ist die Firma Antec Europe GmbH ein unabh\u00e4ngiges, selbstst\u00e4ndiges Unternehmen, das Vogelabwehrprodukte an gewerbliche Kunden vertreibt (B2B) und innovative L\u00f6sungen bei Problemen mit V\u00f6geln\/Tauben erarbeitet.<\/p>\n<p style=\"text-align: justify;\">Der Focus des Unternehmens liegt dabei auf dem Schutz von Objekten mittels Vogelabwehrnetzen.<\/p>\n<p style=\"text-align: justify;\">Hierf\u00fcr wurden Spezialnetze entwickelt, die den markt\u00fcblichen Netzen in vielen Merkmalen \u00fcberlegen sind.<\/p>\n<p style=\"text-align: justify;\">Herausstechendes Merkmal ist jedoch das <strong>NetFix\u00ae Montagesystem<\/strong> f\u00fcr <strong>Vogelabwehrnetze<\/strong> mittels Klebetechnik.<\/p>\n<p style=\"text-align: justify;\">F\u00fcr diese Technik wurden aufeinander abgestimmte Komponenten entwickelt, die in vielen F\u00e4llen die Montage von Vogelnetzen schneller und weitaus kosteng\u00fcnstiger erlaubt und die Bausubstanz nicht besch\u00e4digt.<\/p>\n<p style=\"text-align: justify;\">[\/et_pb_text][\/et_pb_column][et_pb_column type=&#8220;1_5&#8243; _builder_version=&#8220;4.9.4&#8243; _module_preset=&#8220;default&#8220;][\/et_pb_column][\/et_pb_row][\/et_pb_section]<\/p>\n","protected":false},"excerpt":{"rendered":"<p>[et_pb_section fb_built=&#8220;1&#8243; fullwidth=&#8220;on&#8220; _builder_version=&#8220;4.9.4&#8243; _module_preset=&#8220;default&#8220; background_image=&#8220;https:\/\/antec-europe.de\/wp-content\/uploads\/2025\/02\/Netz-background.png&#8220; max_width=&#8220;100%&#8220;][et_pb_fullwidth_header title=&#8220;NetFix\u00ae &#8211; Innovative L\u00f6sungen zur Vogelabwehr&#8220; subhead=&#8220;Wir stehen f\u00fcr Leistung am Kunden&#8220; _builder_version=&#8220;4.9.4&#8243; _module_preset=&#8220;default&#8220; title_font=&#8220;Doppio One||||||||&#8220; title_letter_spacing=&#8220;1px&#8220; title_line_height=&#8220;1.1em&#8220; subhead_font=&#8220;Doppio One||||||||&#8220; subhead_font_size=&#8220;21px&#8220; subhead_letter_spacing=&#8220;1px&#8220; background_enable_color=&#8220;off&#8220; use_background_color_gradient=&#8220;on&#8220; background_color_gradient_start=&#8220;#00457a&#8220; background_color_gradient_end=&#8220;rgba(0,69,122,0.09)&#8220; background_color_gradient_direction=&#8220;24deg&#8220; background_color_gradient_start_position=&#8220;32%&#8220; custom_padding=&#8220;180px||20px||false|false&#8220; custom_padding_tablet=&#8220;&#8220; custom_padding_phone=&#8220;50px||100px||false|false&#8220; custom_padding_last_edited=&#8220;on|phone&#8220;][\/et_pb_fullwidth_header][\/et_pb_section][et_pb_section fb_built=&#8220;1&#8243; _builder_version=&#8220;4.9.4&#8243; _module_preset=&#8220;default&#8220;][et_pb_row _builder_version=&#8220;4.9.4&#8243; _module_preset=&#8220;default&#8220; custom_margin=&#8220;||-70px||false|false&#8220;][et_pb_column type=&#8220;4_4&#8243; _builder_version=&#8220;4.9.4&#8243; _module_preset=&#8220;default&#8220;][et_pb_image src=&#8220;https:\/\/antec-europe.de\/wp-content\/uploads\/2021\/04\/cropped-ICON-TEST.jpg&#8220; title_text=&#8220;cropped-ICON-TEST.jpg&#8220; align=&#8220;center&#8220; _builder_version=&#8220;4.9.4&#8243; _module_preset=&#8220;default&#8220; width=&#8220;10%&#8220; width_tablet=&#8220;&#8220; [&hellip;]<\/p>\n","protected":false},"author":1,"featured_media":0,"parent":0,"menu_order":0,"comment_status":"closed","ping_status":"closed","template":"","meta":{"_et_pb_use_builder":"on","_et_pb_old_content":"","_et_gb_content_width":"","footnotes":""},"class_list":["post-49","page","type-page","status-publish","hentry"],"_links":{"self":[{"href":"https:\/\/antec-europe.de\/en\/wp-json\/wp\/v2\/pages\/49","targetHints":{"allow":["GET"]}}],"collection":[{"href":"https:\/\/antec-europe.de\/en\/wp-json\/wp\/v2\/pages"}],"about":[{"href":"https:\/\/antec-europe.de\/en\/wp-json\/wp\/v2\/types\/page"}],"author":[{"embeddable":true,"href":"https:\/\/antec-europe.de\/en\/wp-json\/wp\/v2\/users\/1"}],"replies":[{"embeddable":true,"href":"https:\/\/antec-europe.de\/en\/wp-json\/wp\/v2\/comments?post=49"}],"version-history":[{"count":0,"href":"https:\/\/antec-europe.de\/en\/wp-json\/wp\/v2\/pages\/49\/revisions"}],"wp:attachment":[{"href":"https:\/\/antec-europe.de\/en\/wp-json\/wp\/v2\/media?parent=49"}],"curies":[{"name":"wp","href":"https:\/\/api.w.org\/{rel}","templated":true}]}}