{"id":1074,"date":"2021-05-31T13:19:00","date_gmt":"2021-05-31T11:19:00","guid":{"rendered":"http:\/\/antec.stiftland-knopf.de\/?page_id=1074"},"modified":"2026-02-03T09:28:44","modified_gmt":"2026-02-03T08:28:44","slug":"agb","status":"publish","type":"page","link":"https:\/\/antec-europe.de\/en\/agb\/","title":{"rendered":"Terms and Conditions"},"content":{"rendered":"<p>[et_pb_section fb_built=&#8220;1&#8243; _builder_version=&#8220;4.9.4&#8243; _module_preset=&#8220;default&#8220;][et_pb_row _builder_version=&#8220;4.9.4&#8243; _module_preset=&#8220;default&#8220;][et_pb_column type=&#8220;4_4&#8243; _builder_version=&#8220;4.9.4&#8243; _module_preset=&#8220;default&#8220;][et_pb_text _builder_version=&#8220;4.9.4&#8243; _module_preset=&#8220;default&#8220; text_font_size=&#8220;16px&#8220; text_letter_spacing=&#8220;1px&#8220; text_line_height=&#8220;1.5em&#8220; header_font_size=&#8220;25px&#8220; header_letter_spacing=&#8220;1px&#8220; header_line_height=&#8220;1.3em&#8220;]<\/p>\n<h1 style=\"text-align: justify;\"><strong>AGB \u2013 Allgemeine Gesch\u00e4ftsbedingungen<\/strong><\/h1>\n<p><strong>1. Geltungsbereich<\/strong><\/p>\n<p style=\"text-align: justify;\">F\u00fcr uns erteilte Auftr\u00e4ge und unsere Lieferungen gelten ausschlie\u00dflich unsere nachstehenden Verkaufs- und Lieferbedingungen, auch wenn im Einzelfall ein telefonisch erteilter Auftrag nicht schriftlich best\u00e4tigt werden sollte.<\/p>\n<p style=\"text-align: justify;\">Entgegenstehende Gesch\u00e4ftsbedingungen des Bestellers sind, auch wenn wir nicht ausdr\u00fccklich widersprechen, unwirksam. Sie gelten nur, wenn wir uns mit diesen Bedingungen ausdr\u00fccklich schriftlich einverstanden erkl\u00e4rt haben.<\/p>\n<p style=\"text-align: justify;\">Sollten einzelne Bestimmungen dieser Liefer- und Zahlungskonditionen ganz oder teilweise unwirksam sein, so ist die Wirksamkeit der \u00fcbrigen Bestimmungen davon nicht betroffen.<\/p>\n<p><b>2. Angebote und Auftr\u00e4ge<\/b><\/p>\n<p style=\"text-align: justify;\">Unsere Angebote sind stets freibleibend. Nebenabreden und m\u00fcndliche\/ fernm\u00fcndliche Zusagen unserer Vertreter oder Reisenden sowie nachtr\u00e4gliche Auftrags\u00e4nderungen bed\u00fcrfen der schriftlichen Best\u00e4tigung. Blockauftr\u00e4ge m\u00fcssen innerhalb des in der Auftragsbest\u00e4tigung genannten Zeitraums eingeteilt und abgenommen werden. Erfolgt eine Einteilung versp\u00e4tet oder gar nicht, so k\u00f6nnen wir die Rechte aus \u00a7 375 Abs. 2 HGB aus\u00fcben.<\/p>\n<p><strong>3. Lieferung<\/strong><\/p>\n<p style=\"text-align: justify;\">Die Lieferzeit beginnt mit dem im Auftrag vorgesehenen Zeitpunkt und ist nur ann\u00e4hernd ma\u00dfgebend. Werden nach der Auftragsbest\u00e4tigung \u00c4nderungen des Auftrags erw\u00fcnscht, so beginnt die Lieferfrist erst mit deren Best\u00e4tigung, bei Unklarheiten erst nach v\u00f6lliger Kl\u00e4rung aller Einzelheiten.<\/p>\n<p style=\"text-align: justify;\">Unsere Liefertermine gelten grunds\u00e4tzlich ab Tirschenreuth. Bei unvorhergesehenen Ereignissen, wie Streiks, beh\u00f6rdliche Ma\u00dfnahmen, Katastrophen, Verz\u00f6gerung von Vorlieferanten oder von anderen Hindernissen, die wir trotz den Umst\u00e4nden entsprechender Sorgfalt nich abwenden konnten, verl\u00e4ngert sich unsere Lieferfrist im angemessenen Umfang.<\/p>\n<p style=\"text-align: justify;\">Bei Termin\u00fcberschreitungen mu\u00df der Besteller eine angemessene Nachlieferfrist einr\u00e4umen. Erst wenn diese wiederum ohne Lieferung unsererseits verstrichen ist, ist der K\u00e4ufer zum R\u00fccktritt berechtigt. Schadenersatzforderungen beschr\u00e4nken sich auf den unmittelbaren Schaden, au\u00dfer es handelt sich um eine grob fahrl\u00e4sssige Vertragsverletzung unsererseits. Teillieferungen sind nur dann nicht zul\u00e4ssig, wenn es ausdr\u00fccklich vereinbart wurde.<\/p>\n<p style=\"text-align: justify;\">Mehr- oder Minderlieferungen bis zu 10 % der Auftragsmenge sowie handels\u00fcbliche Abweichungen in der Beschaffenheit der Ware behalten wir uns vor.<\/p>\n<p style=\"text-align: justify;\"><strong>4. Versand<\/strong><\/p>\n<p style=\"text-align: justify;\">Die Lieferung erfolgt auf Rechnung und Gefahr des Bestellers und auf dem uns am besten und am billigsten erscheinenden Weg, es sei denn, vom Besteller wurde eine bestimmte Versandart gew\u00fcnscht. Porto, Transportkosten und Verpackung werden zum Selbstkostenpreis berechnet. Die Gefahr geht sp\u00e4testens mit der Absendung der Ware ab Werk auf den Besteller \u00fcber.<\/p>\n<p><strong>5. Bezahlung<\/strong><\/p>\n<p style=\"text-align: justify;\">Der Rechnungsbetrag ist sp\u00e4testens am 30. Tag ab Rechnungsdatum f\u00e4llig. Bei Zahlung innerhalb von 10 Tagen gew\u00e4hren wir 2 % Skonto. Bei Ziel\u00fcberschreitungen sind wir berechtigt, vom Rechnungstage ab orts\u00fcbliche Bankzinsen f\u00fcr Kreditgew\u00e4hrung zu berechnen. S\u00e4mtliche Preise und Kosten verstehen sich stets zuz\u00fcglich jeweils geltender gesetzlicher Mehrwertsteuer.<\/p>\n<p style=\"text-align: justify;\">Entstehen Zweifel an der Zahlungsf\u00e4higkeit des K\u00e4ufers, so sind wir berechtigt, einger\u00e4umte Zahlungsfristen zu widerrufen und Vorauskasse oder<\/p>\n<p style=\"text-align: justify;\">Nachnahme in bar zu verlangen. Soweit Wechsel mit sp\u00e4teren F\u00e4lligkeiten laufen, behalten wir uns vor, gegen R\u00fcckgabe der Wechsel Barzahlung zu verlangen.<\/p>\n<p style=\"text-align: justify;\">Bei Annahme von Wechseln, zu der wir nicht verpflichtet sind, gehen s\u00e4mtliche Diskont- und andere Spesen zu Lasten des K\u00e4ufers.<\/p>\n<p><strong>6. Eigentumsvorbehalt<\/strong><\/p>\n<p style=\"text-align: justify;\">S\u00e4mtliche von uns gelieferte Ware bleibt unser Eigentum bis zur vollst\u00e4ndigen Bezahlung des Kaufpreises einschlie\u00dflich aller Nebenforderungen und aller \u00fcbrigen aus der laufenden Gesch\u00e4ftsverbindung bestehenden Forderungen (Saldenhaftung) und bis zur vollst\u00e4ndigen Freistellung aus Eventualverbindlichkeiten, die wir im Interesse des K\u00e4ufers eingegangen sind.<\/p>\n<p style=\"text-align: justify;\">Wir sind berechtigt, unter Eigentumgsvorbehalt gelieferte Waren gegen Anrechnung des Verwertungserl\u00f6ses herauszuverlangen oder in einer uns geeignet erscheinenden Form auf Kosten des K\u00e4ufers sicherzustellen. Zur Besicherung unserer vorstehend bezeichneten Anspr\u00fcche gilt zus\u00e4tzlich folgende Vereinbarung: Durch Verarbeitung der Vorbehaltsware erwirbt der K\u00e4ufer nicht das Eigentum gem. \u00a7 950 BGB an der neuen Sache. Die Verarbeitung wird durch den K\u00e4ufer f\u00fcr uns vorgenommen. Wenn die Vorbehaltsware mit anderen, dem K\u00e4ufer geh\u00f6renden oder unter dem sogenannten einfachen Eigentumsvorbehalt gem \u00a7 455 BGB gekauften Gegenst\u00e4nden verarbeitet wird, erwerben wir das alleinige Eigentum am Verarbeitungsprodukt. Wird die Vorbehaltsware mit anderen, ebenfalls unter verl\u00e4ngertem Eigentumsvorbehalt, also unter Ausschlu\u00df der Rechtsfolgen des \u00a7 950 BGB, gelieferten Gegenst\u00e4nde verarbeitet, erwerben wir das Miteigentum an der neuen Sache im Verh\u00e4ltnis des Rechnungswertes unserer Vorbehaltsware zum Berechnungswert der anderen verarbeiteten Gegenst\u00e4nde.<\/p>\n<p style=\"text-align: justify;\">Der K\u00e4ufer tritt hiermit die Forderungen aus einem Weiterverkauf der Vorbehaltsware an uns ab, und zwar auch insoweit, als die Ware verarbeitet ist. Enth\u00e4lt das Verarbeitungsprodukt neben der Vorbehaltsware des Verk\u00e4ufers nur solche Gegenst\u00e4nde, die entweder dem K\u00e4ufer geh\u00f6rten oder aber nur unter dem sogenannten einfachen Eigentumsvorbehalt gem \u00a7 455 BGB geliefert worden sind, tritt der K\u00e4ufer die gesamte Kaufpreisforderung an uns<\/p>\n<ol style=\"text-align: justify;\">\n<li>Im anderen Falle d. h. beim Zusammentreffen der Vorauszession an mehrere Lieferanten, steht uns ein der vorstehenden Regelung entsprechender Bruchteil der jeweiligen Kaufpreisforderung zu.<\/li>\n<\/ol>\n<p><strong>7. Reklamationen<\/strong><\/p>\n<p style=\"text-align: justify;\">Reklamationen m\u00fcssen unverz\u00fcglich, sp\u00e4testens 8 Tage nach Wareneingang, unter genauer Begr\u00fcndung, schriftlich angezeigt werden. Wir setzen dabei voraus, da\u00df der K\u00e4ufer die Ware einer Eingangskontrolle unterzieht.<\/p>\n<p style=\"text-align: justify;\">F\u00fcr M\u00e4ngel, die nach Ablauf der Reklamationsfrist festgestellt werden, aber vorher erkannt h\u00e4tten werden m\u00fcssen, haften wir nicht.<\/p>\n<p style=\"text-align: justify;\">Beanstandungen berechtigen den Besteller nicht von der Erf\u00fcllung seiner Zahlungsverpflichtungen zur\u00fcckzutreten. Bei berechtigten Reklamationen kann der K\u00e4ufer den Kaufpreis mindern. Falls wir uns nicht mit der Minderung einverstanden erkl\u00e4ren, kann kostenlose Ersatzlieferung verlangt werden.<\/p>\n<p style=\"text-align: justify;\">Wird die Ware nicht vollst\u00e4ndig zur Besichtigung bereitgehalten, erlischt der Anspruch auf Ersatzlieferung bzw. Minderung. Geringf\u00fcgige Mengenabweichungen bis zu 2% m\u00fcssen wir uns vorbehalten, da die Ermittlung der Menge unserer Produkte durch moderne Z\u00e4hlwaagen durchgef\u00fchrt wird.<\/p>\n<p style=\"text-align: justify;\">Eine Garantie f\u00fcr Reinigungs-, Wasch-, B\u00fcgelbest\u00e4ndigkeit usw. kann von uns nicht \u00fcbernommen werden, obwohl unsere Produkte diese Eigenschaften in der Regel besitzen. Bei oberfl\u00e4chengef\u00e4rbter Ware kann keine Garantie f\u00fcr Farbechtheit \u00fcbernommen werden, selbst wenn diese zaponiert ist.<\/p>\n<p style=\"text-align: justify;\">F\u00fcr sich aus diesen Punkten und aus Ver\u00e4nderung von chemischen Reaktionen in der Verwendungskette u. U. ergebende Sch\u00e4den kann keine Gew\u00e4hrleistung oder sonstige Haftung \u00fcbernommen werden.<\/p>\n<p style=\"text-align: justify;\"><strong>8. Schutzrechte<\/strong><\/p>\n<p style=\"text-align: justify;\">Sofern wir Artikel nach Zeichnungen, Modellen oder Mustern, die uns vom Besteller \u00fcbergeben wurden, zu liefern haben, \u00fcbernimmt der Besteller uns gegen\u00fcber die Gew\u00e4hr daf\u00fcr, da\u00df durch Herstellung und Lieferung der Gegenst\u00e4nde Schutzrechte Dritter nicht verletzt werden. Der Besteller verpflichtet sich, uns von Schadenersatzanspr\u00fcchen Dritter, die durch Verletzung gewerblicher Schutzrechte geltend gemacht wurden, unverz\u00fcglich freizustellen.<\/p>\n<p style=\"text-align: justify;\">S\u00e4mtliche Entw\u00fcrfe, Skizzen, Modelle, Farb- und Materialkombinationen bleiben nach \u00a7 2 Absatz 2 des Gesetzes zum Schutze der Urheberrechte unser Eigentum. Kopien oder eine Weiterleitung an Dritte bedarf unserer schriftlichen Zustimmung.<\/p>\n<p style=\"text-align: justify;\"><strong>9. Erf\u00fcllungsort und Gerichtsstand<\/strong><\/p>\n<p style=\"text-align: justify;\">Tirschenreuth ist Erf\u00fcllungsort und Gerichtsstand f\u00fcr s\u00e4mtliche Leistungen. F\u00fcr alle Rechtsbeziehungen zwischen K\u00e4ufern und Verk\u00e4ufern gilt ausschlie\u00dflich deutsches Recht.<\/p>\n<p>[\/et_pb_text][\/et_pb_column][\/et_pb_row][\/et_pb_section]<\/p>\n","protected":false},"excerpt":{"rendered":"<p>[et_pb_section fb_built=&#8220;1&#8243; _builder_version=&#8220;4.9.4&#8243; _module_preset=&#8220;default&#8220;][et_pb_row _builder_version=&#8220;4.9.4&#8243; _module_preset=&#8220;default&#8220;][et_pb_column type=&#8220;4_4&#8243; _builder_version=&#8220;4.9.4&#8243; _module_preset=&#8220;default&#8220;][et_pb_text _builder_version=&#8220;4.9.4&#8243; _module_preset=&#8220;default&#8220; text_font_size=&#8220;16px&#8220; text_letter_spacing=&#8220;1px&#8220; text_line_height=&#8220;1.5em&#8220; header_font_size=&#8220;25px&#8220; header_letter_spacing=&#8220;1px&#8220; header_line_height=&#8220;1.3em&#8220;] AGB \u2013 Allgemeine Gesch\u00e4ftsbedingungen 1. Geltungsbereich F\u00fcr uns erteilte Auftr\u00e4ge und unsere Lieferungen gelten ausschlie\u00dflich unsere nachstehenden Verkaufs- und Lieferbedingungen, auch wenn im Einzelfall ein telefonisch erteilter Auftrag nicht schriftlich best\u00e4tigt werden sollte. Entgegenstehende Gesch\u00e4ftsbedingungen des Bestellers sind, [&hellip;]<\/p>\n","protected":false},"author":1,"featured_media":0,"parent":0,"menu_order":0,"comment_status":"closed","ping_status":"closed","template":"","meta":{"_et_pb_use_builder":"on","_et_pb_old_content":"","_et_gb_content_width":"","footnotes":""},"class_list":["post-1074","page","type-page","status-publish","hentry"],"_links":{"self":[{"href":"https:\/\/antec-europe.de\/en\/wp-json\/wp\/v2\/pages\/1074","targetHints":{"allow":["GET"]}}],"collection":[{"href":"https:\/\/antec-europe.de\/en\/wp-json\/wp\/v2\/pages"}],"about":[{"href":"https:\/\/antec-europe.de\/en\/wp-json\/wp\/v2\/types\/page"}],"author":[{"embeddable":true,"href":"https:\/\/antec-europe.de\/en\/wp-json\/wp\/v2\/users\/1"}],"replies":[{"embeddable":true,"href":"https:\/\/antec-europe.de\/en\/wp-json\/wp\/v2\/comments?post=1074"}],"version-history":[{"count":0,"href":"https:\/\/antec-europe.de\/en\/wp-json\/wp\/v2\/pages\/1074\/revisions"}],"wp:attachment":[{"href":"https:\/\/antec-europe.de\/en\/wp-json\/wp\/v2\/media?parent=1074"}],"curies":[{"name":"wp","href":"https:\/\/api.w.org\/{rel}","templated":true}]}}